{"id":401,"date":"2026-03-13T10:33:10","date_gmt":"2026-03-13T13:33:10","guid":{"rendered":"https:\/\/instituto.webbr.shop\/?page_id=401"},"modified":"2026-04-06T18:04:17","modified_gmt":"2026-04-06T21:04:17","slug":"termos-de-uso","status":"publish","type":"page","link":"https:\/\/instituto.webbr.shop\/en\/termos-de-uso\/","title":{"rendered":"Termos de Uso"},"content":{"rendered":"<div data-elementor-type=\"wp-page\" data-elementor-id=\"401\" class=\"elementor elementor-401\" data-elementor-settings=\"{&quot;ha_cmc_init_switcher&quot;:&quot;no&quot;}\" data-elementor-post-type=\"page\">\n\t\t\t\t<div class=\"elementor-element elementor-element-c2e6fff envato-kit-141-top-0 e-con-full e-flex e-con e-parent\" data-id=\"c2e6fff\" data-element_type=\"container\" data-e-type=\"container\" data-settings=\"{&quot;background_background&quot;:&quot;classic&quot;,&quot;_ha_eqh_enable&quot;:false}\">\n\t\t<div class=\"elementor-element elementor-element-c3ea4a8 e-con-full e-flex e-con e-child\" data-id=\"c3ea4a8\" data-element_type=\"container\" data-e-type=\"container\" data-settings=\"{&quot;_ha_eqh_enable&quot;:false}\">\n\t\t\t\t<div class=\"elementor-element elementor-element-3dfbac7 elementor-invisible elementor-widget elementor-widget-heading\" data-id=\"3dfbac7\" data-element_type=\"widget\" data-e-type=\"widget\" data-settings=\"{&quot;_animation&quot;:&quot;fadeIn&quot;,&quot;_animation_delay&quot;:50}\" data-widget_type=\"heading.default\">\n\t\t\t\t\t<h2 class=\"elementor-heading-title elementor-size-default\">Informa\u00e7\u00f5es sobre nosso<\/h2>\t\t\t\t<\/div>\n\t\t\t\t<div class=\"elementor-element elementor-element-495ac75 elementor-invisible elementor-widget elementor-widget-heading\" data-id=\"495ac75\" data-element_type=\"widget\" data-e-type=\"widget\" data-settings=\"{&quot;_animation&quot;:&quot;fadeIn&quot;,&quot;_animation_delay&quot;:100}\" data-widget_type=\"heading.default\">\n\t\t\t\t\t<h2 class=\"elementor-heading-title elementor-size-default\">Termos de Uso<\/h2>\t\t\t\t<\/div>\n\t\t\t\t<div class=\"elementor-element elementor-element-c901cf8 elementor-widget-divider--view-line elementor-invisible elementor-widget elementor-widget-divider\" data-id=\"c901cf8\" data-element_type=\"widget\" data-e-type=\"widget\" data-settings=\"{&quot;_animation&quot;:&quot;fadeIn&quot;,&quot;_animation_delay&quot;:300}\" data-widget_type=\"divider.default\">\n\t\t\t\t\t\t\t<div class=\"elementor-divider\">\n\t\t\t<span class=\"elementor-divider-separator\">\n\t\t\t\t\t\t<\/span>\n\t\t<\/div>\n\t\t\t\t\t\t<\/div>\n\t\t<div class=\"elementor-element elementor-element-a65217d e-con-full e-flex e-con e-child\" data-id=\"a65217d\" data-element_type=\"container\" data-e-type=\"container\" data-settings=\"{&quot;_ha_eqh_enable&quot;:false}\">\n\t\t<div class=\"elementor-element elementor-element-eaa10c1 e-con-full e-flex e-con e-child\" data-id=\"eaa10c1\" data-element_type=\"container\" data-e-type=\"container\" data-settings=\"{&quot;_ha_eqh_enable&quot;:false}\">\n\t\t\t\t<div class=\"elementor-element elementor-element-64d51a1 elementor-widget elementor-widget-text-editor\" data-id=\"64d51a1\" data-element_type=\"widget\" data-e-type=\"widget\" data-widget_type=\"text-editor.default\">\n\t\t\t\t\t\t\t\t\t<h2><span style=\"color: #444444;\">1. Termos<\/span><\/h2><p style=\"border: 0px; font-size: 16px; margin-right: 0px; margin-bottom: 1.6em; margin-left: 0px; outline: 0px; padding: 0px; vertical-align: baseline; color: #5a5a5a; font-family: Roboto, sans-serif; text-align: start;\"><span style=\"color: #444444;\">Ao acessar o site <a href=\"https:\/\/instituto.webbr.shop\/en\/\">instituto.psyativa.com.br<\/a>, concorda em cumprir estes termos de servi\u00e7o, todas as leis e regulamentos aplic\u00e1veis e concorda que \u00e9 respons\u00e1vel pelo cumprimento de todas as leis locais aplic\u00e1veis. Se voc\u00ea n\u00e3o concordar com algum desses termos, est\u00e1 proibido de usar ou acessar este site. Os materiais contidos neste site s\u00e3o protegidos pelas leis de direitos autorais e marcas comerciais aplic\u00e1veis.<\/span><\/p><h2 style=\"border: 0px; margin-top: 0px; margin-bottom: 20px; outline: 0px; vertical-align: baseline; clear: both; color: #1a1a1a; line-height: 1.3em; font-family: 'Source Serif Pro', serif; text-transform: capitalize; text-align: start;\"><span style=\"color: #444444;\">2. Uso de Licen\u00e7a<\/span><\/h2><p style=\"border: 0px; font-size: 16px; margin-right: 0px; margin-bottom: 1.6em; margin-left: 0px; outline: 0px; padding: 0px; vertical-align: baseline; color: #5a5a5a; font-family: Roboto, sans-serif; text-align: start;\"><span style=\"color: #444444;\">\u00c9 concedida permiss\u00e3o para baixar temporariamente uma c\u00f3pia dos materiais (informa\u00e7\u00f5es ou software) no site Instituto de Ensino Psyativa , apenas para visualiza\u00e7\u00e3o transit\u00f3ria pessoal e n\u00e3o comercial. Esta \u00e9 a concess\u00e3o de uma licen\u00e7a, n\u00e3o uma transfer\u00eancia de t\u00edtulo e, sob esta licen\u00e7a, voc\u00ea n\u00e3o pode:\u00a0<\/span><\/p><ol style=\"border: 0px; font-size: 16px; margin: 0px 0px 1.5em 3em; outline: 0px; padding-left: 0px; vertical-align: baseline; color: #5a5a5a; font-family: Roboto, sans-serif; text-align: start;\"><li style=\"border: 0px; font-style: inherit; font-weight: inherit; margin: 0px; outline: 0px; padding: 0px; vertical-align: baseline;\"><span style=\"color: #444444;\">modificar ou copiar os materiais;\u00a0<\/span><\/li><li style=\"border: 0px; font-style: inherit; font-weight: inherit; margin: 0px; outline: 0px; padding: 0px; vertical-align: baseline;\"><span style=\"color: #444444;\">usar os materiais para qualquer finalidade comercial ou para exibi\u00e7\u00e3o p\u00fablica (comercial ou n\u00e3o comercial);\u00a0<\/span><\/li><li style=\"border: 0px; font-style: inherit; font-weight: inherit; margin: 0px; outline: 0px; padding: 0px; vertical-align: baseline;\"><span style=\"color: #444444;\">tentar descompilar ou fazer engenharia reversa de qualquer software contido no site Instituto de Ensino Psyativa;\u00a0<\/span><\/li><li style=\"border: 0px; font-style: inherit; font-weight: inherit; margin: 0px; outline: 0px; padding: 0px; vertical-align: baseline;\"><span style=\"color: #444444;\">remover quaisquer direitos autorais ou outras nota\u00e7\u00f5es de propriedade dos materiais; ou\u00a0<\/span><\/li><li style=\"border: 0px; font-style: inherit; font-weight: inherit; margin: 0px; outline: 0px; padding: 0px; vertical-align: baseline;\"><span style=\"color: #444444;\">transferir os materiais para outra pessoa ou &#8216;espelhe&#8217; os materiais em qualquer outro servidor.<\/span><\/li><\/ol><p style=\"border: 0px; font-size: 16px; margin-right: 0px; margin-bottom: 1.6em; margin-left: 0px; outline: 0px; padding: 0px; vertical-align: baseline; color: #5a5a5a; font-family: Roboto, sans-serif; text-align: start;\"><span style=\"color: #444444;\">Esta licen\u00e7a ser\u00e1 automaticamente rescindida se voc\u00ea violar alguma dessas restri\u00e7\u00f5es e poder\u00e1 ser rescindida por\u00a0<\/span><span style=\"color: #444444;\">Instituto de Ensino Psyativa<\/span><span style=\"color: #444444;\">\u00a0a qualquer momento. Ao encerrar a visualiza\u00e7\u00e3o desses materiais ou ap\u00f3s o t\u00e9rmino desta licen\u00e7a, voc\u00ea deve apagar todos os materiais baixados em sua posse, seja em formato eletr\u00f3nico ou impresso.<\/span><\/p><h2 style=\"border: 0px; ; margin-top: 0px; margin-bottom: 20px; outline: 0px; vertical-align: baseline; clear: both; color: #1a1a1a; line-height: 1.3em; font-family: 'Source Serif Pro', serif; text-transform: capitalize; text-align: start;\"><span style=\"color: #444444;\">3. Isen\u00e7\u00e3o de responsabilidade<\/span><\/h2><ol style=\"border: 0px; font-size: 16px; margin: 0px 0px 1.5em 3em; outline: 0px; padding-left: 0px; vertical-align: baseline; color: #5a5a5a; font-family: Roboto, sans-serif; text-align: start; background-color: #f5f5f;\"><li style=\"border: 0px; font-style: inherit; font-weight: inherit; margin: 0px; outline: 0px; padding: 0px; vertical-align: baseline;\"><span style=\"color: #444444;\">Os materiais no site do Instituto de Ensino Psyativa\u00a0s\u00e3o fornecidos &#8216;como est\u00e3o&#8217;. Instituto de Ensino Psyativa\u00a0n\u00e3o oferece garantias, expressas ou impl\u00edcitas, e, por este meio, isenta e nega todas as outras garantias, incluindo, sem limita\u00e7\u00e3o, garantias impl\u00edcitas ou condi\u00e7\u00f5es de comercializa\u00e7\u00e3o, adequa\u00e7\u00e3o a um fim espec\u00edfico ou n\u00e3o viola\u00e7\u00e3o de propriedade intelectual ou outra viola\u00e7\u00e3o de direitos.<\/span><\/li><li style=\"border: 0px; font-style: inherit; font-weight: inherit; margin: 0px; outline: 0px; padding: 0px; vertical-align: baseline;\"><span style=\"color: #444444;\">Al\u00e9m disso, o Instituto de Ensino Psyativa\u00a0n\u00e3o garante ou faz qualquer representa\u00e7\u00e3o relativa \u00e0 precis\u00e3o, aos resultados prov\u00e1veis ou \u00e0 confiabilidade do uso dos materiais em seu site ou de outra forma relacionado a esses materiais ou em sites vinculados a este site.<\/span><\/li><\/ol><h2 style=\"border: 0px; ; margin-top: 0px; margin-bottom: 20px; outline: 0px; vertical-align: baseline; clear: both; color: #1a1a1a; line-height: 1.3em; font-family: 'Source Serif Pro', serif; text-transform: capitalize; text-align: start; background-color: #;\"><span style=\"color: #444444;\">4. Limita\u00e7\u00f5es<\/span><\/h2><p style=\"border: 0px; font-size: 16px; margin-right: 0px; margin-bottom: 1.6em; margin-left: 0px; outline: 0px; padding: 0px; vertical-align: baseline; color: #5a5a5a; font-family: Roboto, sans-serif; text-align: start;\"><span style=\"color: #444444;\">Em nenhum caso o\u00a0<\/span><span style=\"color: #444444;\">Instituto de Ensino Psyativa<\/span><span style=\"color: #444444;\">\u00a0ou seus fornecedores ser\u00e3o respons\u00e1veis por quaisquer danos (incluindo, sem limita\u00e7\u00e3o, danos por perda de dados ou lucro ou devido a interrup\u00e7\u00e3o dos neg\u00f3cios) decorrentes do uso ou da incapacidade de usar os materiais em\u00a0<\/span><span style=\"color: #444444;\">Instituto de Ensino Psyativa<\/span><span style=\"color: #444444;\">, mesmo que\u00a0<\/span><span style=\"color: #444444;\">Instituto de Ensino Psyativa<\/span><span style=\"color: #444444;\">\u00a0ou um representante autorizado da\u00a0<\/span><span style=\"color: #444444;\">Instituto de Ensino Psyativa<\/span><span style=\"color: #444444;\">\u00a0tenha sido notificado oralmente ou por escrito da possibilidade de tais danos. Como algumas jurisdi\u00e7\u00f5es n\u00e3o permitem limita\u00e7\u00f5es em garantias impl\u00edcitas, ou limita\u00e7\u00f5es de responsabilidade por danos conseq\u00fcentes ou incidentais, essas limita\u00e7\u00f5es podem n\u00e3o se aplicar a voc\u00ea.<\/span><\/p><h2 style=\"border: 0px; ; margin-top: 0px; margin-bottom: 20px; outline: 0px; vertical-align: baseline; clear: both; color: #1a1a1a; line-height: 1.3em; font-family: 'Source Serif Pro', serif; text-transform: capitalize; text-align: start;\"><span style=\"color: #444444;\">5. Precis\u00e3o dos materiais<\/span><\/h2><p style=\"border: 0px; font-size: 16px; margin-right: 0px; margin-bottom: 1.6em; margin-left: 0px; outline: 0px; padding: 0px; vertical-align: baseline; color: #5a5a5a; font-family: Roboto, sans-serif; text-align: start;\"><span style=\"color: #444444;\">Os materiais exibidos no site da\u00a0<\/span><span style=\"color: #444444;\">Instituto de Ensino Psyativa<\/span><span style=\"color: #444444;\">\u00a0podem incluir erros t\u00e9cnicos, tipogr\u00e1ficos ou fotogr\u00e1ficos.\u00a0<\/span><span style=\"color: #444444;\">Instituto de Ensino Psyativa<\/span><span style=\"color: #444444;\">\u00a0n\u00e3o garante que qualquer material em seu site seja preciso, completo ou atual.\u00a0<\/span><span style=\"color: #444444;\">Instituto de Ensino Psyativa<\/span><span style=\"color: #444444;\">\u00a0pode fazer altera\u00e7\u00f5es nos materiais contidos em seu site a qualquer momento, sem aviso pr\u00e9vio. No entanto,\u00a0<\/span><span style=\"color: #444444;\">Instituto de Ensino Psyativa<\/span><span style=\"color: #444444;\">\u00a0n\u00e3o se compromete a atualizar os materiais.<\/span><\/p><h2 style=\"border: 0px; margin-top: 0px; margin-bottom: 20px; outline: 0px; vertical-align: baseline; clear: both; color: #1a1a1a; line-height: 1.3em; font-family: 'Source Serif Pro', serif; text-transform: capitalize; text-align: start;\"><span style=\"color: #444444;\">6. Links<\/span><\/h2><p style=\"border: 0px; font-size: 16px; margin-right: 0px; margin-bottom: 1.6em; margin-left: 0px; outline: 0px; padding: 0px; vertical-align: baseline; color: #5a5a5a; font-family: Roboto, sans-serif; text-align: start;\"><span style=\"color: #444444;\">O\u00a0<\/span><span style=\"color: #444444;\">Instituto de Ensino Psyativa<\/span><span style=\"color: #444444;\">\u00a0n\u00e3o analisou todos os sites vinculados ao seu site e n\u00e3o \u00e9 respons\u00e1vel pelo conte\u00fado de nenhum site vinculado. A inclus\u00e3o de qualquer link n\u00e3o implica endosso por\u00a0<\/span><span style=\"color: #444444;\">Instituto de Ensino Psyativa<\/span><span style=\"color: #444444;\">. O uso de qualquer site vinculado \u00e9 por conta e risco do usu\u00e1rio.<\/span><\/p><h3 style=\"border: 0px; margin-top: 0px; margin-bottom: 20px; outline: 0px; vertical-align: baseline; clear: both; color: #1a1a1a; line-height: 1.3em; font-family: 'Source Serif Pro', serif; text-transform: capitalize; text-align: start;\"><span style=\"color: #444444;\">Modifica\u00e7\u00f5es<\/span><\/h3><p style=\"border: 0px; font-size: 16px; margin-right: 0px; margin-bottom: 1.6em; margin-left: 0px; outline: 0px; padding: 0px; vertical-align: baseline; color: #5a5a5a; font-family: Roboto, sans-serif; text-align: start;\"><span style=\"color: #444444;\">O\u00a0<\/span><span style=\"color: #444444;\">Instituto de Ensino Psyativa<\/span><span style=\"color: #444444;\">\u00a0pode revisar estes termos de servi\u00e7o do site a qualquer momento, sem aviso pr\u00e9vio. Ao usar este site, voc\u00ea concorda em ficar vinculado \u00e0 vers\u00e3o atual desses termos de servi\u00e7o.<\/span><\/p><h3 style=\"border: 0px; ; margin-top: 0px; margin-bottom: 20px; outline: 0px; vertical-align: baseline; clear: both; color: #1a1a1a; line-height: 1.3em; font-family: 'Source Serif Pro', serif; text-transform: capitalize; text-align: start;\"><span style=\"color: #444444;\">Lei aplic\u00e1vel<\/span><\/h3><p style=\"border: 0px; font-size: 16px; margin-right: 0px; margin-bottom: 1.6em; margin-left: 0px; outline: 0px; padding: 0px; vertical-align: baseline; color: #5a5a5a; font-family: Roboto, sans-serif; text-align: start;\"><span style=\"color: #444444;\">Estes termos e condi\u00e7\u00f5es s\u00e3o regidos e interpretados de acordo com as leis do\u00a0<\/span><span style=\"color: #444444;\">Instituto de Ensino Psyativa<\/span><span style=\"color: #444444;\">\u00a0e voc\u00ea se submete irrevogavelmente \u00e0 jurisdi\u00e7\u00e3o exclusiva dos tribunais naquele estado ou localidade.<\/span><\/p>\t\t\t\t\t\t\t\t<\/div>\n\t\t\t\t<\/div>\n\t\t\t\t<\/div>\n\t\t\t\t<\/div>\n\t\t\t\t<\/div>\n\t\t\t\t<\/div>","protected":false},"excerpt":{"rendered":"<p>Informa\u00e7\u00f5es sobre nosso Termos de Uso 1. Termos Ao acessar o site instituto.psyativa.com.br, concorda em cumprir estes termos de servi\u00e7o, [&hellip;]<\/p>\n","protected":false},"author":1,"featured_media":0,"parent":0,"menu_order":0,"comment_status":"closed","ping_status":"closed","template":"","meta":{"_acf_changed":false,"_eb_attr":"","site-sidebar-layout":"default","site-content-layout":"","ast-site-content-layout":"full-width-container","site-content-style":"default","site-sidebar-style":"default","ast-global-header-display":"disabled","ast-banner-title-visibility":"disabled","ast-main-header-display":"","ast-hfb-above-header-display":"","ast-hfb-below-header-display":"","ast-hfb-mobile-header-display":"","site-post-title":"","ast-breadcrumbs-content":"","ast-featured-img":"","footer-sml-layout":"disabled","ast-disable-related-posts":"","theme-transparent-header-meta":"","adv-header-id-meta":"","stick-header-meta":"","header-above-stick-meta":"","header-main-stick-meta":"","header-below-stick-meta":"","astra-migrate-meta-layouts":"default","ast-page-background-enabled":"default","ast-page-background-meta":{"desktop":{"background-color":"var(--ast-global-color-5)","background-image":"","background-repeat":"repeat","background-position":"center center","background-size":"auto","background-attachment":"scroll","background-type":"","background-media":"","overlay-type":"","overlay-color":"","overlay-opacity":"","overlay-gradient":""},"tablet":{"background-color":"","background-image":"","background-repeat":"repeat","background-position":"center center","background-size":"auto","background-attachment":"scroll","background-type":"","background-media":"","overlay-type":"","overlay-color":"","overlay-opacity":"","overlay-gradient":""},"mobile":{"background-color":"","background-image":"","background-repeat":"repeat","background-position":"center center","background-size":"auto","background-attachment":"scroll","background-type":"","background-media":"","overlay-type":"","overlay-color":"","overlay-opacity":"","overlay-gradient":""}},"ast-content-background-meta":{"desktop":{"background-color":"var(--ast-global-color-4)","background-image":"","background-repeat":"repeat","background-position":"center center","background-size":"auto","background-attachment":"scroll","background-type":"","background-media":"","overlay-type":"","overlay-color":"","overlay-opacity":"","overlay-gradient":""},"tablet":{"background-color":"var(--ast-global-color-4)","background-image":"","background-repeat":"repeat","background-position":"center center","background-size":"auto","background-attachment":"scroll","background-type":"","background-media":"","overlay-type":"","overlay-color":"","overlay-opacity":"","overlay-gradient":""},"mobile":{"background-color":"var(--ast-global-color-4)","background-image":"","background-repeat":"repeat","background-position":"center center","background-size":"auto","background-attachment":"scroll","background-type":"","background-media":"","overlay-type":"","overlay-color":"","overlay-opacity":"","overlay-gradient":""}},"_kadence_starter_templates_imported_post":false,"footnotes":""},"class_list":["post-401","page","type-page","status-publish","hentry"],"acf":[],"_links":{"self":[{"href":"https:\/\/instituto.webbr.shop\/en\/wp-json\/wp\/v2\/pages\/401","targetHints":{"allow":["GET"]}}],"collection":[{"href":"https:\/\/instituto.webbr.shop\/en\/wp-json\/wp\/v2\/pages"}],"about":[{"href":"https:\/\/instituto.webbr.shop\/en\/wp-json\/wp\/v2\/types\/page"}],"author":[{"embeddable":true,"href":"https:\/\/instituto.webbr.shop\/en\/wp-json\/wp\/v2\/users\/1"}],"replies":[{"embeddable":true,"href":"https:\/\/instituto.webbr.shop\/en\/wp-json\/wp\/v2\/comments?post=401"}],"version-history":[{"count":52,"href":"https:\/\/instituto.webbr.shop\/en\/wp-json\/wp\/v2\/pages\/401\/revisions"}],"predecessor-version":[{"id":1178,"href":"https:\/\/instituto.webbr.shop\/en\/wp-json\/wp\/v2\/pages\/401\/revisions\/1178"}],"wp:attachment":[{"href":"https:\/\/instituto.webbr.shop\/en\/wp-json\/wp\/v2\/media?parent=401"}],"curies":[{"name":"wp","href":"https:\/\/api.w.org\/{rel}","templated":true}]}}